{"id":78,"date":"2016-05-04T20:08:58","date_gmt":"2016-05-04T20:08:58","guid":{"rendered":"http:\/\/tmcomunicacaointerat.hospedagemdesites.ws\/siteTM\/?page_id=78"},"modified":"2019-04-28T22:02:13","modified_gmt":"2019-04-29T01:02:13","slug":"servicos-2","status":"publish","type":"page","link":"http:\/\/tmcomunicacaointerat.hospedagemdesites.ws\/siteTM\/servicos-2\/","title":{"rendered":"Servi\u00e7os"},"content":{"rendered":"<h3>Somos uma empresa de comunica\u00e7\u00e3o integrada que disp\u00f5e de uma ampla gama de servi\u00e7os.<\/h3>\n<ul>\n<li><span style=\"color: #008000;\"><strong>CONSULTORIA EM COMUNICA\u00c7\u00c3O INTERNA<\/strong><\/span><\/li>\n<\/ul>\n<p align=\"justify\">Engajamento e aproxima\u00e7\u00e3o do publico interno. Nosso foco \u00e9 todo profissional que constr\u00f3i o universo da empresa, contribuindo direta e\/ou indiretamente para que a organiza\u00e7\u00e3o alcance seus objetivos.<\/p>\n<ul>\n<li><span style=\"color: #008000;\"><strong>ASSESSORIA DE IMPRENSA<\/strong><\/span><\/li>\n<\/ul>\n<p align=\"justify\">A melhor estrat\u00e9gia de neg\u00f3cios \u00e9 falha se for mal comunicada. Identificaremos as for\u00e7as, as fraquezas, as oportunidades e as amea\u00e7as da sua empresa, com objetivo de fortalecer a sua marca, melhorando seu posicionamento perante o mercado, aproximando-o do seu p\u00fablico-alvo. (Servi\u00e7o de M\u00eddias Sociais \/ Social Media est\u00e1 incluso no pacote).<\/p>\n<ul>\n<li><b><span style=\"color: #008000;\">M\u00cdDIAS SOCIAIS \/ SOCIAL MEDIA<\/span><br \/>\n<\/b><\/li>\n<\/ul>\n<p align=\"justify\">Quer ser visto por milhares de pessoas? Se sim, seu lugar \u00e9 aqui! Chegou a hora de se conectar com o mundo. Juntos, identificaremos quais m\u00eddias sociais que melhor se adaptam ao seu neg\u00f3cio. Nesta avalia\u00e7\u00e3o, ser\u00e1 elaborado um planejamento de comunica\u00e7\u00e3o, com foco na expans\u00e3o e fortalecimento da marca, atrav\u00e9s de uma rela\u00e7\u00e3o mais interativa e direta com seu p\u00fablico-alvo. (Esse servi\u00e7o \u00e9 um dos pilares da assessoria de imprensa).<\/p>\n<ul>\n<li><span style=\"color: #008000;\"><b>GERA\u00c7\u00c3O DE CONTE\u00daDO<\/b><\/span><\/li>\n<\/ul>\n<p align=\"justify\">Nosso foco \u00e9 produzir conte\u00fados interativos e din\u00e2micos para o seu p\u00fablico-alvo, despertando interesse espont\u00e2neo pelo assunto abordados. Conquistando n\u00e3o apenas o respeito e buscando tornar-se refer\u00eancia em seu ramo de atua\u00e7\u00e3o. Produzimos conte\u00fados multim\u00eddia (texto, \u00e1udio, imagem e v\u00eddeo).<\/p>\n<ul>\n<li><span style=\"color: #008000;\"><b>COMUNICA\u00c7\u00c3O VISUAL<\/b><\/span><br \/>\n<b><\/b><\/li>\n<\/ul>\n<p align=\"justify\">Investir em identidade visual \u00e9 essencial para um posicionamento de destaque no mercado. Nosso trabalho t\u00eam a finalidade de aproximar a marca do seu publico, transmitindo intera\u00e7\u00e3o e uma sensa\u00e7\u00e3o de familiaridade.<\/p>\n<p>&#8211; Cria\u00e7\u00e3o de Logomarca<br \/>\n&#8211; Cria\u00e7\u00e3o e produ\u00e7\u00e3o de Cart\u00e3o de Visita<br \/>\n&#8211; Panfletos e Banners<\/p>\n<ul>\n<li><span style=\"color: #008000;\"><b>ENSAIO FOTOGR\u00c1FICO<\/b><\/span><\/li>\n<\/ul>\n<p>Eternize seus momentos conosco, registre aquele momento especial. Confira nossos pacotes especiais.<\/p>\n<ul>\n<li><span style=\"color: #008000;\"><b>PRODU\u00c7\u00c3O DE EVENTOS (parceria : Rafa Oliveira Produ\u00e7\u00f5es)<\/b><\/span><\/li>\n<\/ul>\n<p>Transforme seu sonho em realidade! Fa\u00e7a sua festa comigo!<\/p>\n<p>&#8211; Divulga\u00e7\u00e3o<br \/>\n&#8211; Cobertura Fotogr\u00e1fica e\u00a0Cinematogr\u00e1fica<br \/>\n&#8211; DJs &#8211; Os melhores DJs de Salvador (Rafa Oliveira Produ\u00e7\u00f5es)<br \/>\n&#8211; Aluguel de equipamentos de som e ilumina\u00e7\u00e3o (Rafa Oliveira Produ\u00e7\u00f5es)<\/p>\n<p><span style=\"color: #008000;\"><strong>Fa\u00e7a j\u00e1 o seu or\u00e7amento ! <\/strong><\/span><\/p>\n<p><span style=\"color: #008000;\"><strong>Entre em contato atrav\u00e9s do e-mail <\/strong><\/span><a href=\"mailto:contato@tmcomunicacaointerativa.com.br\" target=\"_blank\" rel=\"noopener\"><span style=\"color: #008000;\"><strong><span style=\"color: #000080;\">contato@tmcomunicacaointerativa.com.br<\/span><\/strong><\/span><\/a><\/p>\n<p><b>\u00a0<\/b><\/p>\n","protected":false},"excerpt":{"rendered":"<p>Somos uma empresa de comunica\u00e7\u00e3o integrada que disp\u00f5e de uma ampla gama de servi\u00e7os. CONSULTORIA EM COMUNICA\u00c7\u00c3O INTERNA Engajamento e aproxima\u00e7\u00e3o do publico interno. Nosso foco \u00e9 todo profissional que constr\u00f3i o universo da empresa, contribuindo direta e\/ou indiretamente para que a organiza\u00e7\u00e3o alcance seus objetivos. ASSESSORIA DE IMPRENSA A melhor estrat\u00e9gia de neg\u00f3cios \u00e9 [&hellip;]<\/p>\n","protected":false},"author":1,"featured_media":0,"parent":0,"menu_order":0,"comment_status":"closed","ping_status":"closed","template":"","meta":[],"_links":{"self":[{"href":"http:\/\/tmcomunicacaointerat.hospedagemdesites.ws\/siteTM\/wp-json\/wp\/v2\/pages\/78"}],"collection":[{"href":"http:\/\/tmcomunicacaointerat.hospedagemdesites.ws\/siteTM\/wp-json\/wp\/v2\/pages"}],"about":[{"href":"http:\/\/tmcomunicacaointerat.hospedagemdesites.ws\/siteTM\/wp-json\/wp\/v2\/types\/page"}],"author":[{"embeddable":true,"href":"http:\/\/tmcomunicacaointerat.hospedagemdesites.ws\/siteTM\/wp-json\/wp\/v2\/users\/1"}],"replies":[{"embeddable":true,"href":"http:\/\/tmcomunicacaointerat.hospedagemdesites.ws\/siteTM\/wp-json\/wp\/v2\/comments?post=78"}],"version-history":[{"count":10,"href":"http:\/\/tmcomunicacaointerat.hospedagemdesites.ws\/siteTM\/wp-json\/wp\/v2\/pages\/78\/revisions"}],"predecessor-version":[{"id":979,"href":"http:\/\/tmcomunicacaointerat.hospedagemdesites.ws\/siteTM\/wp-json\/wp\/v2\/pages\/78\/revisions\/979"}],"wp:attachment":[{"href":"http:\/\/tmcomunicacaointerat.hospedagemdesites.ws\/siteTM\/wp-json\/wp\/v2\/media?parent=78"}],"curies":[{"name":"wp","href":"https:\/\/api.w.org\/{rel}","templated":true}]}}