{"id":460,"date":"2016-09-26T17:17:46","date_gmt":"2016-09-26T17:17:46","guid":{"rendered":"http:\/\/tmcomunicacaointerat.hospedagemdesites.ws\/siteTM\/?page_id=460"},"modified":"2016-11-07T16:45:44","modified_gmt":"2016-11-07T16:45:44","slug":"juntos-somos-mais","status":"publish","type":"page","link":"http:\/\/tmcomunicacaointerat.hospedagemdesites.ws\/siteTM\/projeto-social\/juntos-somos-mais\/","title":{"rendered":"Juntos Somos Mais"},"content":{"rendered":"<p><img decoding=\"async\" loading=\"lazy\" class=\"aligncenter wp-image-461 size-medium\" src=\"http:\/\/tmcomunicacaointerat.hospedagemdesites.ws\/siteTM\/wp-content\/uploads\/2016\/09\/13096287_255265038158177_5640849216157971273_n-300x300.jpg\" alt=\"13096287_255265038158177_5640849216157971273_n\" width=\"300\" height=\"300\" srcset=\"http:\/\/tmcomunicacaointerat.hospedagemdesites.ws\/siteTM\/wp-content\/uploads\/2016\/09\/13096287_255265038158177_5640849216157971273_n-300x300.jpg 300w, http:\/\/tmcomunicacaointerat.hospedagemdesites.ws\/siteTM\/wp-content\/uploads\/2016\/09\/13096287_255265038158177_5640849216157971273_n-150x150.jpg 150w, http:\/\/tmcomunicacaointerat.hospedagemdesites.ws\/siteTM\/wp-content\/uploads\/2016\/09\/13096287_255265038158177_5640849216157971273_n-768x768.jpg 768w, http:\/\/tmcomunicacaointerat.hospedagemdesites.ws\/siteTM\/wp-content\/uploads\/2016\/09\/13096287_255265038158177_5640849216157971273_n.jpg 960w\" sizes=\"(max-width: 300px) 100vw, 300px\" title=\"\"><\/p>\n<p>&nbsp;<\/p>\n<p>&nbsp;<\/p>\n<p style=\"text-align: justify;\"><span style=\"font-size: 12pt; font-family: arial, helvetica, sans-serif;\">O projeto social, \u201cJuntos Somos Mais\u201d, nasceu em 10, de mar\u00e7o, de 2016 com objetivo de levar uma nova perspectiva de vida para as pessoas que vivem nas ruas da cidade de Salvador.<\/span><\/p>\n<p style=\"text-align: justify;\"><span style=\"font-size: 12pt; font-family: arial, helvetica, sans-serif;\">Idealizado pela nutricionista Andr\u00e9a Vilas Boas, a iniciativa contava a principio com dois integrantes. Hoje soma-se quase 100 volunt\u00e1rios fixos, al\u00e9m da colabora\u00e7\u00e3o\u00a0 de outras pessoas dispostas a ajudar.<\/span><\/p>\n<p style=\"text-align: justify;\"><span style=\"font-size: 12pt; font-family: arial, helvetica, sans-serif;\">Resultado de um trabalho desenvolvido com total dedica\u00e7\u00e3o e amor, neste per\u00edodo o projeto ajudou rec\u00e9m-nascidos, crian\u00e7as com microcefalia e conseguiu empregar um morador de rua. Para inserir mais pessoas no mercado de trabalho, um curso profissionalizante com capacidade para 50 alunos est\u00e1 sendo preparado.<\/span><\/p>\n<p style=\"text-align: justify;\"><span style=\"font-size: 12pt; font-family: arial, helvetica, sans-serif;\">O grupo se re\u00fane todas as noites de quarta feira para realizar a distribui\u00e7\u00e3o das refei\u00e7\u00f5es. Um card\u00e1pio \u00e9 preparado mensalmente, visando proporcionar uma melhor alimenta\u00e7\u00e3o para essas pessoas. Campanhas s\u00e3o realizadas para promover doa\u00e7\u00f5es de roupas, cal\u00e7ados, fraldas, leite, \u00e1gua e utens\u00edlios de higiene pessoal. A depender da necessidade dos moradores.<\/span><\/p>\n<p style=\"text-align: justify;\"><span style=\"font-size: 12pt; font-family: arial, helvetica, sans-serif;\">Quem tiver interesse em colabora ou conhecer mais sobre o projeto, entre em contato atrav\u00e9s do email:\u00a0<a href=\"mailto:contato@tmcomunicacaointerativa.com.br\">contato@tmcomunicacaointerativa.com.br<\/a>\u00a0<\/span><\/p>\n<p style=\"text-align: justify;\"><span style=\"font-size: 12pt; font-family: arial, helvetica, sans-serif;\">Aqui, \u201cJUNTOS SOMOS MAIS!\u201d<\/span><\/p>\n<div id='gallery-1' class='gallery galleryid-460 gallery-columns-3 gallery-size-thumbnail'><figure class='gallery-item'>\n\t\t\t<div class='gallery-icon landscape'>\n\t\t\t\t<a href='http:\/\/tmcomunicacaointerat.hospedagemdesites.ws\/siteTM\/projeto-social\/juntos-somos-mais\/06113925-a756-487f-896f-135c35990f6c\/'><img width=\"150\" height=\"150\" src=\"http:\/\/tmcomunicacaointerat.hospedagemdesites.ws\/siteTM\/wp-content\/uploads\/2016\/09\/06113925-a756-487f-896f-135c35990f6c-150x150.jpg\" class=\"attachment-thumbnail size-thumbnail\" alt=\"\" decoding=\"async\" loading=\"lazy\" title=\"\"><\/a>\n\t\t\t<\/div><\/figure><figure class='gallery-item'>\n\t\t\t<div class='gallery-icon landscape'>\n\t\t\t\t<a href='http:\/\/tmcomunicacaointerat.hospedagemdesites.ws\/siteTM\/projeto-social\/juntos-somos-mais\/571e247e-c575-4e14-9a86-c75824a66851\/'><img width=\"150\" height=\"150\" src=\"http:\/\/tmcomunicacaointerat.hospedagemdesites.ws\/siteTM\/wp-content\/uploads\/2016\/09\/571e247e-c575-4e14-9a86-c75824a66851-150x150.jpg\" class=\"attachment-thumbnail size-thumbnail\" alt=\"\" decoding=\"async\" loading=\"lazy\" title=\"\"><\/a>\n\t\t\t<\/div><\/figure><figure class='gallery-item'>\n\t\t\t<div class='gallery-icon landscape'>\n\t\t\t\t<a href='http:\/\/tmcomunicacaointerat.hospedagemdesites.ws\/siteTM\/projeto-social\/juntos-somos-mais\/dd18cbaf-b1c6-409e-904d-b674a09835a9\/'><img width=\"150\" height=\"150\" src=\"http:\/\/tmcomunicacaointerat.hospedagemdesites.ws\/siteTM\/wp-content\/uploads\/2016\/09\/dd18cbaf-b1c6-409e-904d-b674a09835a9-150x150.jpg\" class=\"attachment-thumbnail size-thumbnail\" alt=\"\" decoding=\"async\" loading=\"lazy\" title=\"\"><\/a>\n\t\t\t<\/div><\/figure><figure class='gallery-item'>\n\t\t\t<div class='gallery-icon portrait'>\n\t\t\t\t<a href='http:\/\/tmcomunicacaointerat.hospedagemdesites.ws\/siteTM\/projeto-social\/juntos-somos-mais\/0d82cb4f-6b00-4da9-ae8d-168d5bc0d722\/'><img width=\"150\" height=\"150\" src=\"http:\/\/tmcomunicacaointerat.hospedagemdesites.ws\/siteTM\/wp-content\/uploads\/2016\/09\/0d82cb4f-6b00-4da9-ae8d-168d5bc0d722-150x150.jpg\" class=\"attachment-thumbnail size-thumbnail\" alt=\"\" decoding=\"async\" loading=\"lazy\" title=\"\"><\/a>\n\t\t\t<\/div><\/figure><figure class='gallery-item'>\n\t\t\t<div class='gallery-icon landscape'>\n\t\t\t\t<a href='http:\/\/tmcomunicacaointerat.hospedagemdesites.ws\/siteTM\/projeto-social\/juntos-somos-mais\/839a514c-3bab-4802-9839-e4dfcbdec56a\/'><img width=\"150\" height=\"150\" src=\"http:\/\/tmcomunicacaointerat.hospedagemdesites.ws\/siteTM\/wp-content\/uploads\/2016\/09\/839a514c-3bab-4802-9839-e4dfcbdec56a-150x150.jpg\" class=\"attachment-thumbnail size-thumbnail\" alt=\"\" decoding=\"async\" loading=\"lazy\" title=\"\"><\/a>\n\t\t\t<\/div><\/figure><figure class='gallery-item'>\n\t\t\t<div class='gallery-icon landscape'>\n\t\t\t\t<a href='http:\/\/tmcomunicacaointerat.hospedagemdesites.ws\/siteTM\/projeto-social\/juntos-somos-mais\/13516365_279013992449948_5637758792413696080_n\/'><img width=\"150\" height=\"150\" src=\"http:\/\/tmcomunicacaointerat.hospedagemdesites.ws\/siteTM\/wp-content\/uploads\/2016\/09\/13516365_279013992449948_5637758792413696080_n-150x150.jpg\" class=\"attachment-thumbnail size-thumbnail\" alt=\"\" decoding=\"async\" loading=\"lazy\" title=\"\"><\/a>\n\t\t\t<\/div><\/figure>\n\t\t<\/div>\n\n","protected":false},"excerpt":{"rendered":"<p>&nbsp; &nbsp; O projeto social, \u201cJuntos Somos Mais\u201d, nasceu em 10, de mar\u00e7o, de 2016 com objetivo de levar uma nova perspectiva de vida para as pessoas que vivem nas ruas da cidade de Salvador. Idealizado pela nutricionista Andr\u00e9a Vilas Boas, a iniciativa contava a principio com dois integrantes. Hoje soma-se quase 100 volunt\u00e1rios fixos, [&hellip;]<\/p>\n","protected":false},"author":1,"featured_media":473,"parent":455,"menu_order":0,"comment_status":"closed","ping_status":"closed","template":"","meta":[],"_links":{"self":[{"href":"http:\/\/tmcomunicacaointerat.hospedagemdesites.ws\/siteTM\/wp-json\/wp\/v2\/pages\/460"}],"collection":[{"href":"http:\/\/tmcomunicacaointerat.hospedagemdesites.ws\/siteTM\/wp-json\/wp\/v2\/pages"}],"about":[{"href":"http:\/\/tmcomunicacaointerat.hospedagemdesites.ws\/siteTM\/wp-json\/wp\/v2\/types\/page"}],"author":[{"embeddable":true,"href":"http:\/\/tmcomunicacaointerat.hospedagemdesites.ws\/siteTM\/wp-json\/wp\/v2\/users\/1"}],"replies":[{"embeddable":true,"href":"http:\/\/tmcomunicacaointerat.hospedagemdesites.ws\/siteTM\/wp-json\/wp\/v2\/comments?post=460"}],"version-history":[{"count":5,"href":"http:\/\/tmcomunicacaointerat.hospedagemdesites.ws\/siteTM\/wp-json\/wp\/v2\/pages\/460\/revisions"}],"predecessor-version":[{"id":464,"href":"http:\/\/tmcomunicacaointerat.hospedagemdesites.ws\/siteTM\/wp-json\/wp\/v2\/pages\/460\/revisions\/464"}],"up":[{"embeddable":true,"href":"http:\/\/tmcomunicacaointerat.hospedagemdesites.ws\/siteTM\/wp-json\/wp\/v2\/pages\/455"}],"wp:featuredmedia":[{"embeddable":true,"href":"http:\/\/tmcomunicacaointerat.hospedagemdesites.ws\/siteTM\/wp-json\/wp\/v2\/media\/473"}],"wp:attachment":[{"href":"http:\/\/tmcomunicacaointerat.hospedagemdesites.ws\/siteTM\/wp-json\/wp\/v2\/media?parent=460"}],"curies":[{"name":"wp","href":"https:\/\/api.w.org\/{rel}","templated":true}]}}