{"id":4,"date":"2016-04-12T01:38:21","date_gmt":"2016-04-12T01:38:21","guid":{"rendered":"http:\/\/tmcomunicacaointerat.hospedagemdesites.ws\/siteTM\/?page_id=4"},"modified":"2019-10-17T19:39:09","modified_gmt":"2019-10-17T22:39:09","slug":"quem-somos","status":"publish","type":"page","link":"http:\/\/tmcomunicacaointerat.hospedagemdesites.ws\/siteTM\/quem-somos\/","title":{"rendered":"Quem somos"},"content":{"rendered":"<p><img decoding=\"async\" loading=\"lazy\" class=\"wp-image-1175 size-thumbnail alignleft\" src=\"http:\/\/tmcomunicacaointerat.hospedagemdesites.ws\/siteTM\/wp-content\/uploads\/2019\/10\/COMUNICA\u00c7\u00c3O-INTERATIVA-pdf-02-150x150.jpg\" alt=\"\" width=\"150\" height=\"150\" srcset=\"http:\/\/tmcomunicacaointerat.hospedagemdesites.ws\/siteTM\/wp-content\/uploads\/2019\/10\/COMUNICA\u00c7\u00c3O-INTERATIVA-pdf-02-150x150.jpg 150w, http:\/\/tmcomunicacaointerat.hospedagemdesites.ws\/siteTM\/wp-content\/uploads\/2019\/10\/COMUNICA\u00c7\u00c3O-INTERATIVA-pdf-02-300x300.jpg 300w, http:\/\/tmcomunicacaointerat.hospedagemdesites.ws\/siteTM\/wp-content\/uploads\/2019\/10\/COMUNICA\u00c7\u00c3O-INTERATIVA-pdf-02-768x768.jpg 768w, http:\/\/tmcomunicacaointerat.hospedagemdesites.ws\/siteTM\/wp-content\/uploads\/2019\/10\/COMUNICA\u00c7\u00c3O-INTERATIVA-pdf-02-1024x1024.jpg 1024w\" sizes=\"(max-width: 150px) 100vw, 150px\" title=\"\"><\/p>\n<p>Criada 2015, somos uma empresa de comunica\u00e7\u00e3o integrada que utiliza as diversas ferramentas de comunica\u00e7\u00e3o existentes, visando maximizar a divulga\u00e7\u00e3o dos produtos e\/ou servi\u00e7os dos nossos clientes. Oferecemos uma ampla gama de servi\u00e7os.<\/p>\n<p>Pensamos a comunica\u00e7\u00e3o de forma estrat\u00e9gica e usamos a criatividade para contribuir com o fortalecimento das marcas e das empresas que atendemos.<\/p>\n<p>Contamos com uma equipe de profissionais altamente capacitados, com \u00e1reas de atua\u00e7\u00e3o e perfis diversificados, prontos para atender as necessidades espec\u00edficas de cada cliente.<\/p>\n<p>No nosso <a href=\"http:\/\/tmcomunicacaointerat.hospedagemdesites.ws\/siteTM\/sample-page\/\" target=\"_blank\" rel=\"noopener noreferrer\">blog<\/a> falamos dos mais variados temas, sempre buscando uma abordagem diferenciada, com informa\u00e7\u00e3o e entretenimento para os leitores.<\/p>\n<p>Profissionais de diversas \u00e1reas colaboram conosco para que possamos produzir e publicar conte\u00fados satisfat\u00f3rios e interessantes.<\/p>\n<h3><span style=\"color: #0000ff;\"><strong>\u00a0<\/strong><\/span><\/h3>\n<p><strong><span style=\"color: #000000;\">Coordena\u00e7\u00e3o editorial :<\/span><\/strong><span style=\"color: #000000;\">Tainan Mendes, Jornalista e fot\u00f3grafo.<\/span><\/p>\n<p><span style=\"color: #0000ff;\">\u00a0<\/span><\/p>\n","protected":false},"excerpt":{"rendered":"<p>Criada 2015, somos uma empresa de comunica\u00e7\u00e3o integrada que utiliza as diversas ferramentas de comunica\u00e7\u00e3o existentes, visando maximizar a divulga\u00e7\u00e3o dos produtos e\/ou servi\u00e7os dos nossos clientes. Oferecemos uma ampla gama de servi\u00e7os. Pensamos a comunica\u00e7\u00e3o de forma estrat\u00e9gica e usamos a criatividade para contribuir com o fortalecimento das marcas e das empresas que atendemos. [&hellip;]<\/p>\n","protected":false},"author":1,"featured_media":1168,"parent":0,"menu_order":0,"comment_status":"closed","ping_status":"closed","template":"","meta":[],"_links":{"self":[{"href":"http:\/\/tmcomunicacaointerat.hospedagemdesites.ws\/siteTM\/wp-json\/wp\/v2\/pages\/4"}],"collection":[{"href":"http:\/\/tmcomunicacaointerat.hospedagemdesites.ws\/siteTM\/wp-json\/wp\/v2\/pages"}],"about":[{"href":"http:\/\/tmcomunicacaointerat.hospedagemdesites.ws\/siteTM\/wp-json\/wp\/v2\/types\/page"}],"author":[{"embeddable":true,"href":"http:\/\/tmcomunicacaointerat.hospedagemdesites.ws\/siteTM\/wp-json\/wp\/v2\/users\/1"}],"replies":[{"embeddable":true,"href":"http:\/\/tmcomunicacaointerat.hospedagemdesites.ws\/siteTM\/wp-json\/wp\/v2\/comments?post=4"}],"version-history":[{"count":18,"href":"http:\/\/tmcomunicacaointerat.hospedagemdesites.ws\/siteTM\/wp-json\/wp\/v2\/pages\/4\/revisions"}],"predecessor-version":[{"id":175,"href":"http:\/\/tmcomunicacaointerat.hospedagemdesites.ws\/siteTM\/wp-json\/wp\/v2\/pages\/4\/revisions\/175"}],"wp:featuredmedia":[{"embeddable":true,"href":"http:\/\/tmcomunicacaointerat.hospedagemdesites.ws\/siteTM\/wp-json\/wp\/v2\/media\/1168"}],"wp:attachment":[{"href":"http:\/\/tmcomunicacaointerat.hospedagemdesites.ws\/siteTM\/wp-json\/wp\/v2\/media?parent=4"}],"curies":[{"name":"wp","href":"https:\/\/api.w.org\/{rel}","templated":true}]}}